{"id":100,"date":"2023-04-27T21:33:25","date_gmt":"2023-04-27T19:33:25","guid":{"rendered":"http:\/\/ohewued.cluster027.hosting.ovh.net\/?page_id=100"},"modified":"2023-04-29T16:44:52","modified_gmt":"2023-04-29T14:44:52","slug":"lecole-de-musique","status":"publish","type":"page","link":"https:\/\/ohe-wuenheim.fr\/index.php\/lecole-de-musique\/","title":{"rendered":""},"content":{"rendered":"\n<h2 class=\"wp-block-heading\"><strong>L&rsquo;\u00e9cole de musique<\/strong><\/h2>\n\n\n\n<p class=\"has-normal-font-size\"><strong>Dans l&rsquo;optique de cr\u00e9er une \u00e9cole de musique de la Communaut\u00e9 de Communes, l&rsquo;\u00e9cole de musique de Guebwiller et l&rsquo;\u00e9cole de musique \u00ab\u00a0Au diapason du Grand-Ballon\u00a0\u00bb&nbsp;(Wuenheim-Jungholtz-Soultz) se sont regroup\u00e9es \u00e0 la rentr\u00e9e 2018\/2019.<\/strong><\/p>\n\n\n<div class=\"wp-block-image\">\n<figure class=\"aligncenter size-full\"><img loading=\"lazy\" decoding=\"async\" width=\"275\" height=\"183\" src=\"http:\/\/ohewued.cluster027.hosting.ovh.net\/wp-content\/uploads\/2023\/04\/ecole-de-musique-1.jpg\" alt=\"\" class=\"wp-image-158\"\/><\/figure>\n<\/div>\n\n\n<p class=\"has-normal-font-size\">Pour tout renseignements merci de prendre contact avec l\u2019\u00e9cole de musique de Guebwiller.<\/p>\n\n\n\n<p><\/p>\n\n\n\n<hr class=\"wp-block-separator has-alpha-channel-opacity\"\/>\n\n\n\n<h4 class=\"wp-block-heading has-normal-font-size\" style=\"text-transform:uppercase\"><strong>Contact<\/strong><\/h4>\n\n\n\n<p class=\"has-normal-font-size\"><strong>Ecole de Musique de Guebwiller et Ecole de Musique de Wuenheim-Jungholtz-Soultz<\/strong><\/p>\n\n\n\n<p class=\"has-normal-font-size\">34, rue des Dominicains&nbsp;<\/p>\n\n\n\n<p class=\"has-normal-font-size\">B.P. 10053&nbsp;<\/p>\n\n\n\n<p class=\"has-normal-font-size\">68501 Guebwiller&nbsp;<\/p>\n\n\n\n<p class=\"has-normal-font-size\">Courriel:&nbsp;<a href=\"mailto:edmguebwiller@gmail.com\" target=\"_blank\" rel=\"noreferrer noopener\">edmguebwiller@gmail.com<\/a><\/p>\n\n\n\n<p class=\"has-normal-font-size\">Tel. secr\u00e9tariat: 03.89.74.10.90&nbsp;<\/p>\n\n\n\n<p class=\"has-normal-font-size\">WEB :&nbsp;<a href=\"https:\/\/www.ville-guebwiller.fr\/culture\/lieux-culturels\/lecole-de-musique\/\">https:\/\/www.ville-guebwiller.fr\/culture\/lieux-culturels\/lecole-de-musique\/<\/a><\/p>\n","protected":false},"excerpt":{"rendered":"<p>L&rsquo;\u00e9cole de musique Dans l&rsquo;optique de cr\u00e9er une \u00e9cole de musique de la Communaut\u00e9 de Communes, l&rsquo;\u00e9cole de musique de Guebwiller et l&rsquo;\u00e9cole de musique \u00ab\u00a0Au diapason du Grand-Ballon\u00a0\u00bb&nbsp;(Wuenheim-Jungholtz-Soultz) se sont regroup\u00e9es \u00e0 la rentr\u00e9e 2018\/2019. Pour tout renseignements merci de prendre contact avec l\u2019\u00e9cole <span class=\"read-more\"><a class=\"more-link btn btn-transparent\" href=\"https:\/\/ohe-wuenheim.fr\/index.php\/lecole-de-musique\/\">Lire la suite . . .<\/a><\/span><\/p>\n","protected":false},"author":1,"featured_media":0,"parent":0,"menu_order":0,"comment_status":"closed","ping_status":"closed","template":"","meta":{"footnotes":""},"class_list":["post-100","page","type-page","status-publish","hentry"],"_links":{"self":[{"href":"https:\/\/ohe-wuenheim.fr\/index.php\/wp-json\/wp\/v2\/pages\/100","targetHints":{"allow":["GET"]}}],"collection":[{"href":"https:\/\/ohe-wuenheim.fr\/index.php\/wp-json\/wp\/v2\/pages"}],"about":[{"href":"https:\/\/ohe-wuenheim.fr\/index.php\/wp-json\/wp\/v2\/types\/page"}],"author":[{"embeddable":true,"href":"https:\/\/ohe-wuenheim.fr\/index.php\/wp-json\/wp\/v2\/users\/1"}],"replies":[{"embeddable":true,"href":"https:\/\/ohe-wuenheim.fr\/index.php\/wp-json\/wp\/v2\/comments?post=100"}],"version-history":[{"count":13,"href":"https:\/\/ohe-wuenheim.fr\/index.php\/wp-json\/wp\/v2\/pages\/100\/revisions"}],"predecessor-version":[{"id":275,"href":"https:\/\/ohe-wuenheim.fr\/index.php\/wp-json\/wp\/v2\/pages\/100\/revisions\/275"}],"wp:attachment":[{"href":"https:\/\/ohe-wuenheim.fr\/index.php\/wp-json\/wp\/v2\/media?parent=100"}],"curies":[{"name":"wp","href":"https:\/\/api.w.org\/{rel}","templated":true}]}}