{"id":106,"date":"2023-04-27T21:35:03","date_gmt":"2023-04-27T19:35:03","guid":{"rendered":"http:\/\/ohewued.cluster027.hosting.ovh.net\/?page_id=106"},"modified":"2023-04-29T23:18:05","modified_gmt":"2023-04-29T21:18:05","slug":"agenda","status":"publish","type":"page","link":"https:\/\/ohe-wuenheim.fr\/index.php\/agenda\/","title":{"rendered":""},"content":{"rendered":"\n<h2 class=\"wp-block-heading\"><strong>Agenda<\/strong><\/h2>\n\n\n\n<div style=\"height:10px\" aria-hidden=\"true\" class=\"wp-block-spacer\"><\/div>\n\n\n<div class=\"gce-page-list gce-page-list-307\" id=\"gce-1\"><div class=\"gce-list\" data-gce-start-offset=\"0\" data-gce-start=\"1808265600\" data-gce-paging-interval=\"31536000\" data-gce-paging=\"1\" data-gce-feeds=\"307\" data-gce-title=\"\" data-gce-grouped=\"0\" data-gce-sort=\"asc\">\n<div class=\"gce-navbar\"><div class=\"gce-prev\"><a href=\"#\" class=\"gce-change-month-list\" title=\"Previous\" data-gce-paging-direction=\"back\" data-gce-paging-type=\"days\">Pr\u00e9c.<\/a><\/div><div class=\"gce-next\"><a href=\"#\" class=\"gce-change-month-list\" title=\"Suiv.\" data-gce-paging-direction=\"forward\" data-gce-paging-type=\"days\">Suiv.<\/a><\/div><div class=\"gce-month-title\"><\/div><\/div>\nAucun \u00e9v\u00e8nement \u00e0 afficher.<\/div><\/div>\n\n\n\n<div style=\"height:20px\" aria-hidden=\"true\" class=\"wp-block-spacer\"><\/div>\n\n\n<div class=\"wp-block-image\">\n<figure class=\"aligncenter size-large is-resized\"><img decoding=\"async\" src=\"http:\/\/ohewued.cluster027.hosting.ovh.net\/wp-content\/uploads\/2023\/04\/DSC02788-1024x682.jpg\" alt=\"\" class=\"wp-image-311\" width=\"700\" srcset=\"https:\/\/ohe-wuenheim.fr\/wp-content\/uploads\/2023\/04\/DSC02788-1024x682.jpg 1024w, https:\/\/ohe-wuenheim.fr\/wp-content\/uploads\/2023\/04\/DSC02788-300x200.jpg 300w, https:\/\/ohe-wuenheim.fr\/wp-content\/uploads\/2023\/04\/DSC02788-768x511.jpg 768w, https:\/\/ohe-wuenheim.fr\/wp-content\/uploads\/2023\/04\/DSC02788-1536x1022.jpg 1536w, https:\/\/ohe-wuenheim.fr\/wp-content\/uploads\/2023\/04\/DSC02788-2048x1363.jpg 2048w, https:\/\/ohe-wuenheim.fr\/wp-content\/uploads\/2023\/04\/DSC02788-420x280.jpg 420w, https:\/\/ohe-wuenheim.fr\/wp-content\/uploads\/2023\/04\/DSC02788-385x257.jpg 385w\" sizes=\"(max-width: 1024px) 100vw, 1024px\" \/><\/figure>\n<\/div>","protected":false},"excerpt":{"rendered":"<p>Agenda<\/p>\n","protected":false},"author":1,"featured_media":0,"parent":0,"menu_order":0,"comment_status":"closed","ping_status":"closed","template":"","meta":{"footnotes":""},"class_list":["post-106","page","type-page","status-publish","hentry"],"_links":{"self":[{"href":"https:\/\/ohe-wuenheim.fr\/index.php\/wp-json\/wp\/v2\/pages\/106","targetHints":{"allow":["GET"]}}],"collection":[{"href":"https:\/\/ohe-wuenheim.fr\/index.php\/wp-json\/wp\/v2\/pages"}],"about":[{"href":"https:\/\/ohe-wuenheim.fr\/index.php\/wp-json\/wp\/v2\/types\/page"}],"author":[{"embeddable":true,"href":"https:\/\/ohe-wuenheim.fr\/index.php\/wp-json\/wp\/v2\/users\/1"}],"replies":[{"embeddable":true,"href":"https:\/\/ohe-wuenheim.fr\/index.php\/wp-json\/wp\/v2\/comments?post=106"}],"version-history":[{"count":16,"href":"https:\/\/ohe-wuenheim.fr\/index.php\/wp-json\/wp\/v2\/pages\/106\/revisions"}],"predecessor-version":[{"id":314,"href":"https:\/\/ohe-wuenheim.fr\/index.php\/wp-json\/wp\/v2\/pages\/106\/revisions\/314"}],"wp:attachment":[{"href":"https:\/\/ohe-wuenheim.fr\/index.php\/wp-json\/wp\/v2\/media?parent=106"}],"curies":[{"name":"wp","href":"https:\/\/api.w.org\/{rel}","templated":true}]}}