{"id":115,"date":"2023-04-27T21:36:26","date_gmt":"2023-04-27T19:36:26","guid":{"rendered":"http:\/\/ohewued.cluster027.hosting.ovh.net\/?page_id=115"},"modified":"2023-04-28T14:22:15","modified_gmt":"2023-04-28T12:22:15","slug":"dernieres-videos","status":"publish","type":"page","link":"https:\/\/ohe-wuenheim.fr\/index.php\/dernieres-videos\/","title":{"rendered":""},"content":{"rendered":"\n<h2 class=\"wp-block-heading\"><strong>Derni\u00e8res vid\u00e9os<\/strong><\/h2>\n\n\n\n<h3 class=\"wp-block-heading\">Do r\u00e9 mi<\/h3>\n\n\n\n<figure class=\"wp-block-embed is-type-video is-provider-youtube wp-block-embed-youtube wp-embed-aspect-16-9 wp-has-aspect-ratio\"><div class=\"wp-block-embed__wrapper\">\n<iframe loading=\"lazy\" title=\"Do r\u00e9 mi\" width=\"840\" height=\"473\" src=\"https:\/\/www.youtube.com\/embed\/f6guXWpHxbE?feature=oembed\" frameborder=\"0\" allow=\"accelerometer; autoplay; clipboard-write; encrypted-media; gyroscope; picture-in-picture; web-share\" allowfullscreen><\/iframe>\n<\/div><\/figure>\n\n\n\n<hr class=\"wp-block-separator has-alpha-channel-opacity\"\/>\n\n\n\n<h3 class=\"wp-block-heading\">l&rsquo;OHE confin\u00e9<\/h3>\n\n\n\n<figure class=\"wp-block-embed is-type-video is-provider-youtube wp-block-embed-youtube wp-embed-aspect-16-9 wp-has-aspect-ratio\"><div class=\"wp-block-embed__wrapper\">\n<iframe loading=\"lazy\" title=\"l&#039;OHE confin\u00e9\" width=\"840\" height=\"473\" src=\"https:\/\/www.youtube.com\/embed\/OOdrwBb-bfo?feature=oembed\" frameborder=\"0\" allow=\"accelerometer; autoplay; clipboard-write; encrypted-media; gyroscope; picture-in-picture; web-share\" allowfullscreen><\/iframe>\n<\/div><\/figure>\n\n\n\n<hr class=\"wp-block-separator has-alpha-channel-opacity\"\/>\n\n\n\n<h3 class=\"wp-block-heading\">Maiabummel 2019<\/h3>\n\n\n\n<figure class=\"wp-block-embed is-type-video is-provider-youtube wp-block-embed-youtube wp-embed-aspect-16-9 wp-has-aspect-ratio\"><div class=\"wp-block-embed__wrapper\">\n<iframe loading=\"lazy\" title=\"Maiabummel 2019\" width=\"840\" height=\"473\" src=\"https:\/\/www.youtube.com\/embed\/vuW46sGHOJ4?feature=oembed\" frameborder=\"0\" allow=\"accelerometer; autoplay; clipboard-write; encrypted-media; gyroscope; picture-in-picture; web-share\" allowfullscreen><\/iframe>\n<\/div><\/figure>\n\n\n\n<hr class=\"wp-block-separator has-alpha-channel-opacity\"\/>\n\n\n\n<h3 class=\"wp-block-heading\">Voyage en harmonie avec l&rsquo;Esp\u00e9rance &#8211; Concert 2019<\/h3>\n\n\n\n<figure class=\"wp-block-embed is-type-video is-provider-youtube wp-block-embed-youtube wp-embed-aspect-16-9 wp-has-aspect-ratio\"><div class=\"wp-block-embed__wrapper\">\n<iframe loading=\"lazy\" title=\"Voyage en harmonie avec l&#039;Esp\u00e9rance - Concert 2019\" width=\"840\" height=\"473\" src=\"https:\/\/www.youtube.com\/embed\/wEdnXAeO7ss?feature=oembed\" frameborder=\"0\" allow=\"accelerometer; autoplay; clipboard-write; encrypted-media; gyroscope; picture-in-picture; web-share\" allowfullscreen><\/iframe>\n<\/div><\/figure>\n\n\n\n<hr class=\"wp-block-separator has-alpha-channel-opacity\"\/>\n\n\n\n<p class=\"has-text-align-center\"><strong>N&rsquo;h\u00e9sitez pas \u00e0 parcourir notre page YouTube<\/strong> <strong>pour en d\u00e9couvrir davantage&#8230;<\/strong><\/p>\n\n\n<div class=\"wp-block-image\">\n<figure class=\"aligncenter size-full is-resized\"><a href=\"https:\/\/www.youtube.com\/@orchestredharmonieesperanc7291\"><img decoding=\"async\" src=\"http:\/\/ohewued.cluster027.hosting.ovh.net\/wp-content\/uploads\/2023\/04\/Vector-YouTube-Logo-PNG-Free-Download.png\" alt=\"\" class=\"wp-image-169\" width=\"100\" srcset=\"https:\/\/ohe-wuenheim.fr\/wp-content\/uploads\/2023\/04\/Vector-YouTube-Logo-PNG-Free-Download.png 1000w, https:\/\/ohe-wuenheim.fr\/wp-content\/uploads\/2023\/04\/Vector-YouTube-Logo-PNG-Free-Download-300x300.png 300w, https:\/\/ohe-wuenheim.fr\/wp-content\/uploads\/2023\/04\/Vector-YouTube-Logo-PNG-Free-Download-150x150.png 150w, https:\/\/ohe-wuenheim.fr\/wp-content\/uploads\/2023\/04\/Vector-YouTube-Logo-PNG-Free-Download-768x768.png 768w\" sizes=\"(max-width: 1000px) 100vw, 1000px\" \/><\/a><\/figure>\n<\/div>","protected":false},"excerpt":{"rendered":"<p>Derni\u00e8res vid\u00e9os Do r\u00e9 mi l&rsquo;OHE confin\u00e9 Maiabummel 2019 Voyage en harmonie avec l&rsquo;Esp\u00e9rance &#8211; Concert 2019 N&rsquo;h\u00e9sitez pas \u00e0 parcourir notre page YouTube pour en d\u00e9couvrir davantage&#8230;<\/p>\n","protected":false},"author":1,"featured_media":0,"parent":0,"menu_order":0,"comment_status":"closed","ping_status":"closed","template":"","meta":{"footnotes":""},"class_list":["post-115","page","type-page","status-publish","hentry"],"_links":{"self":[{"href":"https:\/\/ohe-wuenheim.fr\/index.php\/wp-json\/wp\/v2\/pages\/115","targetHints":{"allow":["GET"]}}],"collection":[{"href":"https:\/\/ohe-wuenheim.fr\/index.php\/wp-json\/wp\/v2\/pages"}],"about":[{"href":"https:\/\/ohe-wuenheim.fr\/index.php\/wp-json\/wp\/v2\/types\/page"}],"author":[{"embeddable":true,"href":"https:\/\/ohe-wuenheim.fr\/index.php\/wp-json\/wp\/v2\/users\/1"}],"replies":[{"embeddable":true,"href":"https:\/\/ohe-wuenheim.fr\/index.php\/wp-json\/wp\/v2\/comments?post=115"}],"version-history":[{"count":5,"href":"https:\/\/ohe-wuenheim.fr\/index.php\/wp-json\/wp\/v2\/pages\/115\/revisions"}],"predecessor-version":[{"id":230,"href":"https:\/\/ohe-wuenheim.fr\/index.php\/wp-json\/wp\/v2\/pages\/115\/revisions\/230"}],"wp:attachment":[{"href":"https:\/\/ohe-wuenheim.fr\/index.php\/wp-json\/wp\/v2\/media?parent=115"}],"curies":[{"name":"wp","href":"https:\/\/api.w.org\/{rel}","templated":true}]}}