{"id":18,"date":"2023-04-27T08:06:16","date_gmt":"2023-04-27T06:06:16","guid":{"rendered":"http:\/\/ohewued.cluster027.hosting.ovh.net\/?page_id=18"},"modified":"2026-02-05T20:40:33","modified_gmt":"2026-02-05T19:40:33","slug":"accueil","status":"publish","type":"page","link":"https:\/\/ohe-wuenheim.fr\/","title":{"rendered":""},"content":{"rendered":"\n<div style=\"height:20px\" aria-hidden=\"true\" class=\"wp-block-spacer\"><\/div>\n\n\n<div class=\"wp-block-image\">\n<figure class=\"aligncenter size-large is-resized\"><img loading=\"lazy\" decoding=\"async\" width=\"724\" height=\"1024\" src=\"https:\/\/ohe-wuenheim.fr\/wp-content\/uploads\/2026\/02\/OHE-ON-THE-ROCK-2-724x1024.jpg\" alt=\"\" class=\"wp-image-672\" style=\"width:300px\" srcset=\"https:\/\/ohe-wuenheim.fr\/wp-content\/uploads\/2026\/02\/OHE-ON-THE-ROCK-2-724x1024.jpg 724w, https:\/\/ohe-wuenheim.fr\/wp-content\/uploads\/2026\/02\/OHE-ON-THE-ROCK-2-212x300.jpg 212w, https:\/\/ohe-wuenheim.fr\/wp-content\/uploads\/2026\/02\/OHE-ON-THE-ROCK-2-768x1086.jpg 768w, https:\/\/ohe-wuenheim.fr\/wp-content\/uploads\/2026\/02\/OHE-ON-THE-ROCK-2-1086x1536.jpg 1086w, https:\/\/ohe-wuenheim.fr\/wp-content\/uploads\/2026\/02\/OHE-ON-THE-ROCK-2.jpg 1414w\" sizes=\"auto, (max-width: 724px) 100vw, 724px\" \/><\/figure>\n<\/div>\n\n\n<p class=\"has-normal-font-size\"><strong>Vous aimez la musique d&rsquo;harmonie et\/ou les spectacles de vari\u00e9t\u00e9?<\/strong> Vous trouverez votre bonheur dans nos concerts ! Concerts classiques, concerts d&rsquo;harmonie m\u00ealant les styles, spectacles de vari\u00e9t\u00e9s&#8230;<\/p>\n\n\n\n<p class=\"has-normal-font-size\"><strong>Vous jouez d&rsquo;un instrument d&rsquo;harmonie ?<\/strong> Ne le laissez pas dans un placard et venez rejoindre un orchestre dynamique !<\/p>\n\n\n\n<p class=\"has-normal-font-size\">Les r\u00e9p\u00e9titions se d\u00e9roulent dans la bonne humeur le vendredi soir de 20h \u00e0 22h au p\u00f4le communal de Wuenheim.<\/p>\n\n\n\n<p class=\"has-normal-font-size\">Rejoignez nous \u00e9galement sur YouTube, Facebook et Instagram.<\/p>\n\n\n\n<p class=\"has-normal-font-size\">A bient\u00f4t !<\/p>\n\n\n\n<div style=\"height:20px\" aria-hidden=\"true\" class=\"wp-block-spacer\"><\/div>\n\n\n\n<div class=\"wp-block-buttons is-content-justification-center is-layout-flex wp-container-core-buttons-is-layout-16018d1d wp-block-buttons-is-layout-flex\">\n<div class=\"wp-block-button is-style-fill\"><a class=\"wp-block-button__link wp-element-button\" href=\"https:\/\/www.payasso.fr\/ohe\/dons\" style=\"border-radius:100px\">\ud83d\ude4f <strong>SOUTENEZ-NOUS EN FAISANT UN DON<\/strong><\/a><\/div>\n<\/div>\n\n\n\n<div style=\"height:35px\" aria-hidden=\"true\" class=\"wp-block-spacer\"><\/div>\n\n\n\n<figure class=\"wp-block-embed aligncenter is-type-video is-provider-youtube wp-block-embed-youtube wp-embed-aspect-16-9 wp-has-aspect-ratio\"><div class=\"wp-block-embed__wrapper\">\n<iframe loading=\"lazy\" title=\"L&#039;OHE ? C&#039;est comme \u00e7a !\" width=\"840\" height=\"473\" src=\"https:\/\/www.youtube.com\/embed\/4Zkc1dOvH5U?feature=oembed\" frameborder=\"0\" allow=\"accelerometer; autoplay; clipboard-write; encrypted-media; gyroscope; picture-in-picture; web-share\" referrerpolicy=\"strict-origin-when-cross-origin\" allowfullscreen><\/iframe>\n<\/div><\/figure>\n\n\n\n<div style=\"height:20px\" aria-hidden=\"true\" class=\"wp-block-spacer\"><\/div>\n\n\n\n<div class=\"wp-block-buttons is-content-justification-center is-layout-flex wp-container-core-buttons-is-layout-16018d1d wp-block-buttons-is-layout-flex\">\n<div class=\"wp-block-button is-style-fill\"><a class=\"wp-block-button__link has-black-color has-yellow-background-color has-text-color has-background has-link-color has-normal-font-size has-custom-font-size wp-element-button\" href=\"https:\/\/www.payasso.fr\/ohe\/cotisations\" style=\"border-radius:100px\">\ud83d\udcb0 <strong>COTISATIONS MEMBRES OHE<\/strong><\/a><\/div>\n<\/div>\n\n\n\n<p><\/p>\n","protected":false},"excerpt":{"rendered":"<p>Vous aimez la musique d&rsquo;harmonie et\/ou les spectacles de vari\u00e9t\u00e9? Vous trouverez votre bonheur dans nos concerts ! Concerts classiques, concerts d&rsquo;harmonie m\u00ealant les styles, spectacles de vari\u00e9t\u00e9s&#8230; Vous jouez d&rsquo;un instrument d&rsquo;harmonie ? Ne le laissez pas dans un placard et venez rejoindre un <span class=\"read-more\"><a class=\"more-link btn btn-transparent\" href=\"https:\/\/ohe-wuenheim.fr\/\">Lire la suite . . .<\/a><\/span><\/p>\n","protected":false},"author":1,"featured_media":0,"parent":0,"menu_order":0,"comment_status":"closed","ping_status":"closed","template":"","meta":{"footnotes":""},"class_list":["post-18","page","type-page","status-publish","hentry"],"_links":{"self":[{"href":"https:\/\/ohe-wuenheim.fr\/index.php\/wp-json\/wp\/v2\/pages\/18","targetHints":{"allow":["GET"]}}],"collection":[{"href":"https:\/\/ohe-wuenheim.fr\/index.php\/wp-json\/wp\/v2\/pages"}],"about":[{"href":"https:\/\/ohe-wuenheim.fr\/index.php\/wp-json\/wp\/v2\/types\/page"}],"author":[{"embeddable":true,"href":"https:\/\/ohe-wuenheim.fr\/index.php\/wp-json\/wp\/v2\/users\/1"}],"replies":[{"embeddable":true,"href":"https:\/\/ohe-wuenheim.fr\/index.php\/wp-json\/wp\/v2\/comments?post=18"}],"version-history":[{"count":53,"href":"https:\/\/ohe-wuenheim.fr\/index.php\/wp-json\/wp\/v2\/pages\/18\/revisions"}],"predecessor-version":[{"id":675,"href":"https:\/\/ohe-wuenheim.fr\/index.php\/wp-json\/wp\/v2\/pages\/18\/revisions\/675"}],"wp:attachment":[{"href":"https:\/\/ohe-wuenheim.fr\/index.php\/wp-json\/wp\/v2\/media?parent=18"}],"curies":[{"name":"wp","href":"https:\/\/api.w.org\/{rel}","templated":true}]}}