{"id":266,"date":"2023-04-28T23:40:44","date_gmt":"2023-04-28T21:40:44","guid":{"rendered":"http:\/\/ohewued.cluster027.hosting.ovh.net\/?page_id=266"},"modified":"2025-04-11T10:27:28","modified_gmt":"2025-04-11T08:27:28","slug":"266-2","status":"publish","type":"page","link":"https:\/\/ohe-wuenheim.fr\/index.php\/266-2\/","title":{"rendered":""},"content":{"rendered":"\n<h2 class=\"wp-block-heading\">Ensemble EOLE<\/h2>\n\n\n\n<p class=\"has-normal-font-size\">Un ensemble vents et percussions cr\u00e9\u00e9 en 2021 sous l\u2019\u00e9gide de notre Ecole de Musique de la R\u00e9gion de Guebwiller et \u00e0 l\u2019initiative de Maeva Marty. Le groupe r\u00e9p\u00e8te le vendredi soir de 19h \u00e0 20h \u00e0 Wuenheim et est ouvert \u00e0 de jeunes musiciens de tout \u00e2ge d\u00e9sireux de partager leur pratique musicale dans une ambiance conviviale.<\/p>\n\n\n<div class=\"wp-block-image\">\n<figure class=\"aligncenter size-large is-resized\"><img loading=\"lazy\" decoding=\"async\" width=\"1024\" height=\"683\" src=\"https:\/\/ohe-wuenheim.fr\/wp-content\/uploads\/2025\/04\/EOLE-1024x683.jpg\" alt=\"\" class=\"wp-image-645\" style=\"width:500px\" srcset=\"https:\/\/ohe-wuenheim.fr\/wp-content\/uploads\/2025\/04\/EOLE-1024x683.jpg 1024w, https:\/\/ohe-wuenheim.fr\/wp-content\/uploads\/2025\/04\/EOLE-300x200.jpg 300w, https:\/\/ohe-wuenheim.fr\/wp-content\/uploads\/2025\/04\/EOLE-768x512.jpg 768w, https:\/\/ohe-wuenheim.fr\/wp-content\/uploads\/2025\/04\/EOLE-420x280.jpg 420w, https:\/\/ohe-wuenheim.fr\/wp-content\/uploads\/2025\/04\/EOLE-385x257.jpg 385w, https:\/\/ohe-wuenheim.fr\/wp-content\/uploads\/2025\/04\/EOLE.jpg 1293w\" sizes=\"auto, (max-width: 1024px) 100vw, 1024px\" \/><\/figure>\n<\/div>\n\n\n<div style=\"height:20px\" aria-hidden=\"true\" class=\"wp-block-spacer\"><\/div>\n\n\n\n<hr class=\"wp-block-separator has-alpha-channel-opacity\"\/>\n\n\n\n<div style=\"height:20px\" aria-hidden=\"true\" class=\"wp-block-spacer\"><\/div>\n\n\n\n<div class=\"wp-block-columns is-layout-flex wp-container-core-columns-is-layout-9d6595d7 wp-block-columns-is-layout-flex\">\n<div class=\"wp-block-column is-vertically-aligned-center is-layout-flow wp-block-column-is-layout-flow\" style=\"flex-basis:33.33%\">\n<figure class=\"wp-block-image size-large\"><img loading=\"lazy\" decoding=\"async\" width=\"1024\" height=\"682\" src=\"http:\/\/ohewued.cluster027.hosting.ovh.net\/wp-content\/uploads\/2023\/04\/DSC02768-1024x682.jpg\" alt=\"\" class=\"wp-image-271\" srcset=\"https:\/\/ohe-wuenheim.fr\/wp-content\/uploads\/2023\/04\/DSC02768-1024x682.jpg 1024w, https:\/\/ohe-wuenheim.fr\/wp-content\/uploads\/2023\/04\/DSC02768-300x200.jpg 300w, https:\/\/ohe-wuenheim.fr\/wp-content\/uploads\/2023\/04\/DSC02768-768x511.jpg 768w, https:\/\/ohe-wuenheim.fr\/wp-content\/uploads\/2023\/04\/DSC02768-1536x1022.jpg 1536w, https:\/\/ohe-wuenheim.fr\/wp-content\/uploads\/2023\/04\/DSC02768-2048x1363.jpg 2048w, https:\/\/ohe-wuenheim.fr\/wp-content\/uploads\/2023\/04\/DSC02768-420x280.jpg 420w, https:\/\/ohe-wuenheim.fr\/wp-content\/uploads\/2023\/04\/DSC02768-385x257.jpg 385w\" sizes=\"auto, (max-width: 1024px) 100vw, 1024px\" \/><\/figure>\n<\/div>\n\n\n\n<div class=\"wp-block-column is-vertically-aligned-center is-layout-flow wp-block-column-is-layout-flow\" style=\"flex-basis:66.66%\">\n<p class=\"has-normal-font-size\"><strong>Maeva Marty<\/strong><\/p>\n\n\n\n<p class=\"has-normal-font-size\">Apr\u00e8s avoir d\u00e9but\u00e9 la fl\u00fbte \u00e0 l\u2019\u00e2ge de 5 ans et demi \u00e0 l\u2019\u00e9cole de musique de Wuenheim elle rejoindra tr\u00e8s vite le Conservatoire \u00e0 Rayonnement D\u00e9partemental de Colmar o\u00f9 elle obtiendra son dipl\u00f4me d\u2019\u00e9tudes musicales.<\/p>\n\n\n\n<p class=\"has-normal-font-size\">Ensuite elle entre au Conservatoire R\u00e9gional de Dijon o\u00f9 elle est form\u00e9e au P\u00f4le d\u2019Enseignement Sup\u00e9rieur de la Musique. Elle y devient titulaire du Dipl\u00f4me d\u2019Etat de Professeur de fl\u00fbte traversi\u00e8re et du Dipl\u00f4me National Sup\u00e9rieur de Musicien en 2016. Maeva se nourrit depuis son plus jeune \u00e2ge de la musique d\u2019ensemble. Orchestres d\u2019harmonie, symphonique, musique de chambre et musique actuelle avec le groupe \u00ab Still Deh Ya \u00bb et \u00ab Aleva \u00bb. Outre la fl\u00fbte elle pratique avec talent d\u2019autres instruments comme le piano, la guitare et la voix. Faire d\u2019une passion son m\u00e9tier l\u2019a amen\u00e9e aujourd\u2019hui \u00e0 enseigner la fl\u00fbte traversi\u00e8re et la musique actuelle dans diff\u00e9rentes \u00e9coles de musique du Haut-Rhin : Guebwiller, Wettolsheim, Horbourg- Wihr et Turckheim (dont elle est devenue la toute nouvelle directrice). Elle est \u00e9galement musicienne intervenante dans les cr\u00e8ches, multi- accueils et \u00e9coles maternelles.<\/p>\n<\/div>\n<\/div>\n","protected":false},"excerpt":{"rendered":"<p>Ensemble EOLE Un ensemble vents et percussions cr\u00e9\u00e9 en 2021 sous l\u2019\u00e9gide de notre Ecole de Musique de la R\u00e9gion de Guebwiller et \u00e0 l\u2019initiative de Maeva Marty. Le groupe r\u00e9p\u00e8te le vendredi soir de 19h \u00e0 20h \u00e0 Wuenheim et est ouvert \u00e0 de <span class=\"read-more\"><a class=\"more-link btn btn-transparent\" href=\"https:\/\/ohe-wuenheim.fr\/index.php\/266-2\/\">Lire la suite . . .<\/a><\/span><\/p>\n","protected":false},"author":1,"featured_media":0,"parent":0,"menu_order":0,"comment_status":"closed","ping_status":"closed","template":"","meta":{"footnotes":""},"class_list":["post-266","page","type-page","status-publish","hentry"],"_links":{"self":[{"href":"https:\/\/ohe-wuenheim.fr\/index.php\/wp-json\/wp\/v2\/pages\/266","targetHints":{"allow":["GET"]}}],"collection":[{"href":"https:\/\/ohe-wuenheim.fr\/index.php\/wp-json\/wp\/v2\/pages"}],"about":[{"href":"https:\/\/ohe-wuenheim.fr\/index.php\/wp-json\/wp\/v2\/types\/page"}],"author":[{"embeddable":true,"href":"https:\/\/ohe-wuenheim.fr\/index.php\/wp-json\/wp\/v2\/users\/1"}],"replies":[{"embeddable":true,"href":"https:\/\/ohe-wuenheim.fr\/index.php\/wp-json\/wp\/v2\/comments?post=266"}],"version-history":[{"count":6,"href":"https:\/\/ohe-wuenheim.fr\/index.php\/wp-json\/wp\/v2\/pages\/266\/revisions"}],"predecessor-version":[{"id":646,"href":"https:\/\/ohe-wuenheim.fr\/index.php\/wp-json\/wp\/v2\/pages\/266\/revisions\/646"}],"wp:attachment":[{"href":"https:\/\/ohe-wuenheim.fr\/index.php\/wp-json\/wp\/v2\/media?parent=266"}],"curies":[{"name":"wp","href":"https:\/\/api.w.org\/{rel}","templated":true}]}}