{"id":450,"date":"2023-05-08T21:21:59","date_gmt":"2023-05-08T19:21:59","guid":{"rendered":"https:\/\/ohe-wuenheim.fr\/?page_id=450"},"modified":"2024-03-01T10:21:22","modified_gmt":"2024-03-01T09:21:22","slug":"450-2","status":"publish","type":"page","link":"https:\/\/ohe-wuenheim.fr\/index.php\/450-2\/","title":{"rendered":""},"content":{"rendered":"\n<h2 class=\"wp-block-heading\">R\u00e9trosp\u00e9rance<\/h2>\n\n\n<div class=\"_df_book df-lite\" id=\"df_456\"  _slug=\"456\" data-title=\"\" wpoptions=\"true\" thumbtype=\"\" ><\/div><script class=\"df-shortcode-script\" nowprocket type=\"application\/javascript\">window.option_df_456 = {\"outline\":[],\"backgroundColor\":\"#000000\",\"autoEnableOutline\":\"false\",\"autoEnableThumbnail\":\"false\",\"overwritePDFOutline\":\"false\",\"direction\":\"1\",\"pageSize\":\"0\",\"source\":\"https:\\\/\\\/ohe-wuenheim.fr\\\/wp-content\\\/uploads\\\/2024\\\/03\\\/Retro2023_compressed.pdf\",\"wpOptions\":\"true\"}; if(window.DFLIP && window.DFLIP.parseBooks){window.DFLIP.parseBooks();}<\/script>\n\n\n\n<hr class=\"wp-block-separator has-alpha-channel-opacity\"\/>\n\n\n\n<div style=\"height:20px\" aria-hidden=\"true\" class=\"wp-block-spacer\"><\/div>\n\n\n\n<h4 class=\"wp-block-heading\">Archives<\/h4>\n\n\n\n<p><a href=\"https:\/\/ohe-wuenheim.fr\/wp-content\/uploads\/2023\/05\/Retrosperance-2022_compressed.pdf\" target=\"_blank\" rel=\"noreferrer noopener\">R\u00e9trosp\u00e9rance 2022<\/a><\/p>\n\n\n\n<p><a href=\"https:\/\/ohe-wuenheim.fr\/wp-content\/uploads\/2023\/05\/Retrosperance-2021_compressed.pdf\" target=\"_blank\" rel=\"noreferrer noopener\">R\u00e9trosp\u00e9rance 2021<\/a><\/p>\n\n\n\n<p><a href=\"https:\/\/ohe-wuenheim.fr\/wp-content\/uploads\/2023\/05\/Retrosperance-2020_compressed.pdf\" target=\"_blank\" rel=\"noreferrer noopener\">R\u00e9trosp\u00e9rance 2020<\/a><\/p>\n\n\n\n<p><a href=\"https:\/\/ohe-wuenheim.fr\/wp-content\/uploads\/2023\/05\/Retrosperance-2019.pdf\" target=\"_blank\" rel=\"noreferrer noopener\">R\u00e9trosp\u00e9rance 2019<\/a><\/p>\n\n\n\n<p><\/p>\n","protected":false},"excerpt":{"rendered":"<p>R\u00e9trosp\u00e9rance Archives R\u00e9trosp\u00e9rance 2022 R\u00e9trosp\u00e9rance 2021 R\u00e9trosp\u00e9rance 2020 R\u00e9trosp\u00e9rance 2019<\/p>\n","protected":false},"author":1,"featured_media":0,"parent":0,"menu_order":0,"comment_status":"closed","ping_status":"closed","template":"","meta":{"footnotes":""},"class_list":["post-450","page","type-page","status-publish","hentry"],"_links":{"self":[{"href":"https:\/\/ohe-wuenheim.fr\/index.php\/wp-json\/wp\/v2\/pages\/450","targetHints":{"allow":["GET"]}}],"collection":[{"href":"https:\/\/ohe-wuenheim.fr\/index.php\/wp-json\/wp\/v2\/pages"}],"about":[{"href":"https:\/\/ohe-wuenheim.fr\/index.php\/wp-json\/wp\/v2\/types\/page"}],"author":[{"embeddable":true,"href":"https:\/\/ohe-wuenheim.fr\/index.php\/wp-json\/wp\/v2\/users\/1"}],"replies":[{"embeddable":true,"href":"https:\/\/ohe-wuenheim.fr\/index.php\/wp-json\/wp\/v2\/comments?post=450"}],"version-history":[{"count":3,"href":"https:\/\/ohe-wuenheim.fr\/index.php\/wp-json\/wp\/v2\/pages\/450\/revisions"}],"predecessor-version":[{"id":571,"href":"https:\/\/ohe-wuenheim.fr\/index.php\/wp-json\/wp\/v2\/pages\/450\/revisions\/571"}],"wp:attachment":[{"href":"https:\/\/ohe-wuenheim.fr\/index.php\/wp-json\/wp\/v2\/media?parent=450"}],"curies":[{"name":"wp","href":"https:\/\/api.w.org\/{rel}","templated":true}]}}