{"id":58,"date":"2023-04-27T21:01:12","date_gmt":"2023-04-27T19:01:12","guid":{"rendered":"http:\/\/ohewued.cluster027.hosting.ovh.net\/?page_id=58"},"modified":"2023-04-28T23:39:56","modified_gmt":"2023-04-28T21:39:56","slug":"un-peu-dhistoire","status":"publish","type":"page","link":"https:\/\/ohe-wuenheim.fr\/index.php\/un-peu-dhistoire\/","title":{"rendered":""},"content":{"rendered":"\n<h2 class=\"wp-block-heading\"><strong>Historique de l&rsquo;OHE<\/strong><\/h2>\n\n\n\n<p class=\"has-normal-font-size\">F\u00eater le centenaire de la cr\u00e9ation de notre association nous oblige \u00e9videmment \u00e0 nous souvenir.<\/p>\n\n\n\n<p class=\"has-normal-font-size\">Nous souvenir de la cr\u00e9ation en 1923 sous l\u2019\u00e9gide des sapeurs pompiers de Wuenheim.<br>Nous souvenir du nouveau d\u00e9part d\u2019apr\u00e8s-guerre en 1948. Nous souvenir des ann\u00e9es 1960-1980 qui furent des ann\u00e9es de d\u00e9veloppement notamment d\u2019une politique de formation. Nous souvenir de la p\u00e9riode 1980 \u00e0 2000 qui allait nous confronter au modernisme de la fin du 20\u00e8me si\u00e8cle.<\/p>\n\n\n\n<p class=\"has-normal-font-size\">Nous souvenir des d\u00e9cennies 2000-2020 qui nous men\u00e8rent vers plus de folies et d\u2019inventivit\u00e9s.<\/p>\n\n\n\n<p class=\"has-normal-font-size\">Mais surtout, nous souvenir des hommes et des femmes qui depuis 100 ans auront su mener la barque \u00e0 travers vagues et mar\u00e9es et qui toujours, dans les p\u00e9riodes les plus ensoleill\u00e9es auront su passer le relai avec intelligence, dans les meilleures conditions, parfois au d\u00e9triment de leurs propres convictions devenues obsol\u00e8tes.<\/p>\n\n\n\n<p class=\"has-normal-font-size\">F\u00eater ce centenaire nous oblige aussi et surtout \u00e0 nous tourner r\u00e9solument vers l\u2019avenir, \u00e0 inventer de nouvelles voies, \u00e0 d\u00e9couvrir de nouveaux horizons, \u00e0 calquer nos ambitions sur les plus jeunes d\u2019entre nous, en leur offrant notre confiance, pour que cette association reste toujours dans la modernit\u00e9 de l\u2019air du temps, et ne souffre jamais des ravages du temps qui passe.<\/p>\n\n\n\n<p class=\"has-text-align-right has-normal-font-size\">Denis Schellenberger : Pr\u00e9sident<\/p>\n\n\n\n<h3 class=\"wp-block-heading\">Un premier \u00e9lan<\/h3>\n\n\n\n<p class=\"has-normal-font-size\"><strong>1923&nbsp;: <\/strong>Cr\u00e9ation la soci\u00e9t\u00e9 de musique ESPERANCE de Wuenheim par quelques passionn\u00e9s dynamiques issus pour la plupart du corps local des Sapeurs-Pompiers sous le nom de \u00ab&nbsp;Musique des Sapeurs-Pompiers&nbsp;\u00bb. Le premier directeur \u00e9tait <strong>M. Alfred Boll<\/strong> de Guebwiller.<\/p>\n\n\n\n<p class=\"has-normal-font-size\"><strong>1927&nbsp;:<\/strong> Participation au concours f\u00e9d\u00e9ral de Horbourg, r\u00e9compens\u00e9e par un <strong>premier prix d\u2019honneur avec palme<\/strong> et par un <strong>premier prix de direction<\/strong>.<\/p>\n\n\n\n<p class=\"has-normal-font-size\"><strong>1939&nbsp;:<\/strong> La soci\u00e9t\u00e9 cessa ses activit\u00e9s lorsque la plupart des musiciens furent appel\u00e9s sous les drapeaux par la mobilisation g\u00e9n\u00e9rale.<\/p>\n\n\n\n<p class=\"has-normal-font-size\"><strong>Nos directeurs&nbsp;: Alfred Boll (1923-1930), M.Balast, M.Hirt<\/strong><\/p>\n\n\n<div class=\"wp-block-image\">\n<figure class=\"aligncenter size-full is-resized\"><img loading=\"lazy\" decoding=\"async\" src=\"http:\/\/ohewued.cluster027.hosting.ovh.net\/wp-content\/uploads\/2023\/04\/photo-1925-500.jpg\" alt=\"\" class=\"wp-image-62\" width=\"400\" height=\"298\"\/><\/figure>\n<\/div>\n\n\n<div style=\"height:30px\" aria-hidden=\"true\" class=\"wp-block-spacer\"><\/div>\n\n\n\n<h3 class=\"wp-block-heading\">Un second d\u00e9part<\/h3>\n\n\n\n<p class=\"has-normal-font-size\"><strong>1946&nbsp;:<\/strong> Reprise des activit\u00e9s sous le nom actuel de <strong>Soci\u00e9t\u00e9 de Musique ESPERANCE<\/strong>. Son premier pr\u00e9sident fut alors <strong>M. Lucien Knittel<\/strong>. <strong>M. <\/strong><strong>Adolphe Werner<\/strong> , membre fondateur fut nomm\u00e9 Vice-pr\u00e9sident et <strong>M. Albert Felmy<\/strong>, \u00e9galement membre fondateur, secr\u00e9taire. Ce premier comit\u00e9 rappela aussit\u00f4t <strong>M. Alfred Boll<\/strong> qui accepta le poste de directeur .<\/p>\n\n\n\n<p class=\"has-normal-font-size\"><strong>1952&nbsp;: Acquisition et inauguration du drapeau<\/strong> de la soci\u00e9t\u00e9 de Musique.<\/p>\n\n\n\n<p class=\"has-normal-font-size\"><strong>1957&nbsp;:<\/strong> Achat de <strong>nouveaux uniformes<\/strong> gr\u00e2ce au d\u00e9vouement de tous les membres et \u00e0 la participation de la municipalit\u00e9 et des concitoyens.<\/p>\n\n\n\n<p class=\"has-normal-font-size\"><strong>Nos pr\u00e9sidents&nbsp;: Lucien Knittel (1946-1950), Adolphe Werner (1950-1964)<\/strong><\/p>\n\n\n\n<p class=\"has-normal-font-size\"><strong>Nos directeurs&nbsp;: Alfred Boll (1946-1951), Albert Felmy (1951-1952), Alfred Grossard (1952-1959), Albert Felmy (1959-1961), Roland Decker (1961-1965)<\/strong><\/p>\n\n\n<div class=\"wp-block-image\">\n<figure class=\"aligncenter size-full is-resized\"><img decoding=\"async\" src=\"http:\/\/ohewued.cluster027.hosting.ovh.net\/wp-content\/uploads\/2023\/04\/photo-1952-500.jpg\" alt=\"\" class=\"wp-image-69\" width=\"400\" srcset=\"https:\/\/ohe-wuenheim.fr\/wp-content\/uploads\/2023\/04\/photo-1952-500.jpg 500w, https:\/\/ohe-wuenheim.fr\/wp-content\/uploads\/2023\/04\/photo-1952-500-300x195.jpg 300w\" sizes=\"(max-width: 500px) 100vw, 500px\" \/><\/figure>\n<\/div>\n\n\n<div style=\"height:30px\" aria-hidden=\"true\" class=\"wp-block-spacer\"><\/div>\n\n\n\n<h3 class=\"wp-block-heading\">Stabilit\u00e9 et fondations<\/h3>\n\n\n\n<p class=\"has-normal-font-size\"><strong>1965&nbsp;:<\/strong> La soci\u00e9t\u00e9 entre dans une p\u00e9riode de stabilit\u00e9 et de construction de fondations, notamment au niveau de la formation de jeunes musiciens.<\/p>\n\n\n\n<p class=\"has-normal-font-size\"><strong>1970: <\/strong>Cr\u00e9ation du groupe \u00ab\u00a0Les joyeux Vignerons de Wuenheim\u00a0\u00bb qui a assur\u00e9 des animations folkloriques en France,&nbsp;en Allemagne et m\u00eame en Espagne pendant deux d\u00e9cennies.<\/p>\n\n\n<div class=\"wp-block-image\">\n<figure class=\"aligncenter size-full is-resized\"><img decoding=\"async\" src=\"http:\/\/ohewued.cluster027.hosting.ovh.net\/wp-content\/uploads\/2023\/04\/photo-1981-joyeux-vignerons-1.jpg\" alt=\"\" class=\"wp-image-76\" width=\"400\"\/><\/figure>\n<\/div>\n\n\n<p><\/p>\n\n\n\n<p class=\"has-normal-font-size\"><strong>Un aper\u00e7u de quelques unes de ces manifestations:<\/strong>&nbsp; soir\u00e9e VIP au restaurant du&nbsp;Parc Zoologique de Mulhouse (1975), exposition avicole nationale au Parc des Expositions de Mulhouse (1977), excursion et animation au Salon de l&rsquo;Agriculture \u00e0 Paris en compagnie de la soci\u00e9t\u00e9 des aviculteurs de Jungholtz (1978), soir\u00e9e alsacienne \u00e0 Sancey-le-Long dans le Doubs (1978), animation \u00e0 la brasserie Adelshoffen \u00e0 Schiltigheim (1979), f\u00eate de la Bi\u00e8re \u00e0 Illzach (1979), animation d\u2019une m\u00e9morable soir\u00e9e Choucroute \u00e0 Pierrefeu organis\u00e9e par Henri Kauffmann et les aviculteurs de Jungholtz (1985), animation des&nbsp;soir\u00e9es alsaciennes au <em>Dieffenbachle<\/em> chez l\u2019ami de toujours Henri Barb ainsi que des soir\u00e9es alsaciennes du syndicat d\u2019initiative de Guebwiller (1986-1990), journ\u00e9e folklorique \u00e0 Britzingen en Allemagne (1988), animation des assembl\u00e9es g\u00e9n\u00e9rales du Cr\u00e9dit Mutuel de Wuenheim (1989 \u00e0 2000), voyage en Espagne (Vigo) sur l\u2019invitation du regrett\u00e9 Ricardo Alvarez avec une animation musicale chaude chaude chaude! (1992)<\/p>\n\n\n\n<p class=\"has-normal-font-size\"><strong>1970 : <\/strong>Sortie musicale \u00e0 <strong>Nogent s\/Marne<\/strong> sur invitation de la soci\u00e9t\u00e9 de Musique de cette localit\u00e9.<\/p>\n\n\n\n<p class=\"has-normal-font-size\"><strong>1971&nbsp;:<\/strong> Premier <strong>pr\u00e9mices d\u2019installation d\u2019une \u00e9cole de musique<\/strong> en collaboration avec l\u2019instituteur d\u2019alors, <strong>M.Andr\u00e9 Schumm. <\/strong>Mise en place d\u2019un cours de solf\u00e8ge et de fl\u00fbte \u00e0 bec. De fait, M.Schumm entreprend d\u2019enseigner le solf\u00e8ge et la musique \u00e0 titre b\u00e9n\u00e9vole \u00e0 pr\u00e8s de 35 \u00e9l\u00e8ves du village.<\/p>\n\n\n\n<p class=\"has-normal-font-size\"><strong>1973&nbsp;: <\/strong><strong>C\u00e9l\u00e9bration du 50<\/strong><sup><strong>\u00e8me<\/strong><\/sup><strong> anniversaire<\/strong> de la cr\u00e9ation de la soci\u00e9t\u00e9 de Musique.<\/p>\n\n\n\n<p class=\"has-normal-font-size\"><strong>1977&nbsp;:<\/strong> Organisation du <strong>29<\/strong><sup><strong>\u00e8me<\/strong><\/sup><strong> Festival<\/strong> des soci\u00e9t\u00e9s de Musique de l\u2019arrondissement de Guebwiller.<\/p>\n\n\n\n<p class=\"has-normal-font-size\"><strong>1980&nbsp;:<\/strong> Participation \u00e0 une grande <strong>soir\u00e9e musicale \u00e0 Lucerne<\/strong> sur invitation du Jodlerverein de cette ville.<\/p>\n\n\n\n<p class=\"has-normal-font-size\">Participation aux <strong>festivit\u00e9s du jumelage entre les communes de Wuenheim et Gr\u00e4venwiesbach<\/strong> (RFA).<\/p>\n\n\n\n<p class=\"has-normal-font-size\"><strong>Nos pr\u00e9sidents&nbsp;: Bernard Schellenberger (1964-1984), Denis Schellenberger (depuis 1984)<\/strong><\/p>\n\n\n\n<p class=\"has-normal-font-size\"><strong>Nos directeurs&nbsp;: Henri Mellinger (1965-1976), Pierre Schwamm (1976-1993), Michel Schellenberger (depuis 1993)<\/strong><\/p>\n\n\n<div class=\"wp-block-image\">\n<figure class=\"aligncenter size-full is-resized\"><img decoding=\"async\" src=\"http:\/\/ohewued.cluster027.hosting.ovh.net\/wp-content\/uploads\/2023\/04\/photo-1981-500-1.jpg\" alt=\"\" class=\"wp-image-78\" width=\"400\" srcset=\"https:\/\/ohe-wuenheim.fr\/wp-content\/uploads\/2023\/04\/photo-1981-500-1.jpg 500w, https:\/\/ohe-wuenheim.fr\/wp-content\/uploads\/2023\/04\/photo-1981-500-1-300x244.jpg 300w\" sizes=\"(max-width: 500px) 100vw, 500px\" \/><\/figure>\n<\/div>\n\n\n<div style=\"height:30px\" aria-hidden=\"true\" class=\"wp-block-spacer\"><\/div>\n\n\n\n<h3 class=\"wp-block-heading\">Un vent de nouveaut\u00e9<\/h3>\n\n\n\n<p class=\"has-normal-font-size\">Nouveau mill\u00e9naire et nouveaut\u00e9s musicales&nbsp;!<\/p>\n\n\n\n<p class=\"has-normal-font-size\"><strong>2000&nbsp;:<\/strong> Lancement d\u2019un nouveau concept de concert annuel de printemps, le&nbsp;Wuana<a href=\"http:\/\/esperancewuenheim.e-monsite.com\/album\/wuana-music-show-2012\/\"> <\/a>Music<a href=\"http:\/\/esperancewuenheim.e-monsite.com\/album\/wuana-music-show-2012\/\"> <\/a>Show (musique d&rsquo;harmonie, chant et animation).<\/p>\n\n\n\n<p class=\"has-normal-font-size\">Participation au <strong>20<\/strong><strong><sup>\u00e8me<\/sup><\/strong><strong> anniversaire du jumelage Wuenheim-Gr\u00e4venwiesbach<\/strong>.<\/p>\n\n\n\n<p class=\"has-normal-font-size\"><strong>2006&nbsp;: <\/strong>Installation dans les <strong>nouveaux locaux<\/strong> au p\u00f4le communal. Une petite salle y est r\u00e9serv\u00e9e \u00e0 la soci\u00e9t\u00e9 de musique et a \u00e9t\u00e9 financ\u00e9e par cette derni\u00e8re.<\/p>\n\n\n<div class=\"wp-block-image\">\n<figure class=\"aligncenter size-full is-resized\"><img decoding=\"async\" src=\"http:\/\/ohewued.cluster027.hosting.ovh.net\/wp-content\/uploads\/2023\/04\/concertdenis500.jpg\" alt=\"\" class=\"wp-image-81\" width=\"400\" srcset=\"https:\/\/ohe-wuenheim.fr\/wp-content\/uploads\/2023\/04\/concertdenis500.jpg 500w, https:\/\/ohe-wuenheim.fr\/wp-content\/uploads\/2023\/04\/concertdenis500-300x225.jpg 300w, https:\/\/ohe-wuenheim.fr\/wp-content\/uploads\/2023\/04\/concertdenis500-90x68.jpg 90w\" sizes=\"(max-width: 500px) 100vw, 500px\" \/><\/figure>\n<\/div>\n\n\n<p><\/p>\n\n\n\n<p class=\"has-normal-font-size\"><strong>2008&nbsp;: Modernisation des statuts de l&rsquo;association&nbsp;<\/strong>: les anciens, datant de 1946, n\u2019\u00e9taient plus adapt\u00e9s \u00e0 la r\u00e9alit\u00e9.<\/p>\n\n\n\n<p class=\"has-normal-font-size\">Regroupement des \u00e9coles de musique de Wuenheim, Jungholtz et Soultz sous la banni\u00e8re de l&rsquo;\u00ab&nbsp;<a href=\"http:\/\/esperancewuenheim.e-monsite.com\/pages\/ecole-de-musique\/\">Ecole de Musique Au Diapason du Grand-Ballon<\/a> \u00bb. <strong>Michel Schellenberger<\/strong> en devient le premier pr\u00e9sident.<\/p>\n\n\n\n<p class=\"has-normal-font-size\"><strong>2009&nbsp;: <\/strong>Lancement d\u2019un nouveau concept, le&nbsp;<strong>Repas-Show<\/strong> au mois de novembre<strong>&nbsp;: <\/strong>Apr\u00e8s-midi vari\u00e9t\u00e9s avec repas.<\/p>\n\n\n\n<p class=\"has-normal-font-size\"><strong>2010&nbsp;:<\/strong> Participation au 30<sup>\u00e8me<\/sup><a href=\"http:\/\/esperancewuenheim.e-monsite.com\/album\/30e-anniversaire-du-jumelage-avec-gravenwiesbach\/\"> <\/a>anniversaire&nbsp;du<a href=\"http:\/\/esperancewuenheim.e-monsite.com\/album\/30e-anniversaire-du-jumelage-avec-gravenwiesbach\/\"> <\/a>jumelage&nbsp;Wuenheim-Gr\u00e4venwiesbach.<\/p>\n\n\n\n<p class=\"has-normal-font-size\"><strong>2013 :<\/strong> Concert \u00ab\u00a0Puissance 90\u00a0\u00bb \u00e0 l&rsquo;occasion du&nbsp;<strong>90<\/strong><strong><sup>\u00e8me<\/sup><\/strong><strong> anniversaire de la soci\u00e9t\u00e9 de musique<\/strong>.<\/p>\n\n\n\n<p class=\"has-normal-font-size\"><strong>2023 :<\/strong> Spectacle-concert du <strong>100<\/strong><strong><sup>\u00e8me<\/sup><\/strong><strong> anniversaire de l&rsquo;Orchestre d&rsquo;Harmonie Esp\u00e9rance<\/strong>&nbsp;avec la participation de l&rsquo;Harmonie de S\u00e9lestat.<\/p>\n\n\n<div class=\"wp-block-image\">\n<figure class=\"aligncenter size-large is-resized\"><img decoding=\"async\" src=\"http:\/\/ohewued.cluster027.hosting.ovh.net\/wp-content\/uploads\/2023\/04\/100ans-1024x682.png\" alt=\"\" class=\"wp-image-82\" width=\"400\" srcset=\"https:\/\/ohe-wuenheim.fr\/wp-content\/uploads\/2023\/04\/100ans-1024x682.png 1024w, https:\/\/ohe-wuenheim.fr\/wp-content\/uploads\/2023\/04\/100ans-300x200.png 300w, https:\/\/ohe-wuenheim.fr\/wp-content\/uploads\/2023\/04\/100ans-768x511.png 768w, https:\/\/ohe-wuenheim.fr\/wp-content\/uploads\/2023\/04\/100ans-1536x1022.png 1536w, https:\/\/ohe-wuenheim.fr\/wp-content\/uploads\/2023\/04\/100ans-420x280.png 420w, https:\/\/ohe-wuenheim.fr\/wp-content\/uploads\/2023\/04\/100ans-385x257.png 385w, https:\/\/ohe-wuenheim.fr\/wp-content\/uploads\/2023\/04\/100ans.png 2048w\" sizes=\"(max-width: 1024px) 100vw, 1024px\" \/><\/figure>\n<\/div>\n\n\n<p><\/p>\n\n\n\n<p class=\"has-normal-font-size\"><strong>Notre pr\u00e9sident:&nbsp; Denis Schellenberger (depuis 1984)<\/strong><\/p>\n\n\n\n<p class=\"has-normal-font-size\"><strong>Nos directeurs: Michel Schellenberger (1993-2013), Val\u00e9rie Bihler et Orianne Brunel (directrices adjointes), Val\u00e9rie Bihler (depuis 2013)<\/strong><\/p>\n\n\n\n<h2 class=\"wp-block-heading\"><\/h2>\n","protected":false},"excerpt":{"rendered":"<p>Historique de l&rsquo;OHE F\u00eater le centenaire de la cr\u00e9ation de notre association nous oblige \u00e9videmment \u00e0 nous souvenir. Nous souvenir de la cr\u00e9ation en 1923 sous l\u2019\u00e9gide des sapeurs pompiers de Wuenheim.Nous souvenir du nouveau d\u00e9part d\u2019apr\u00e8s-guerre en 1948. Nous souvenir des ann\u00e9es 1960-1980 qui <span class=\"read-more\"><a class=\"more-link btn btn-transparent\" href=\"https:\/\/ohe-wuenheim.fr\/index.php\/un-peu-dhistoire\/\">Lire la suite . . .<\/a><\/span><\/p>\n","protected":false},"author":1,"featured_media":0,"parent":0,"menu_order":0,"comment_status":"closed","ping_status":"closed","template":"","meta":{"footnotes":""},"class_list":["post-58","page","type-page","status-publish","hentry"],"_links":{"self":[{"href":"https:\/\/ohe-wuenheim.fr\/index.php\/wp-json\/wp\/v2\/pages\/58","targetHints":{"allow":["GET"]}}],"collection":[{"href":"https:\/\/ohe-wuenheim.fr\/index.php\/wp-json\/wp\/v2\/pages"}],"about":[{"href":"https:\/\/ohe-wuenheim.fr\/index.php\/wp-json\/wp\/v2\/types\/page"}],"author":[{"embeddable":true,"href":"https:\/\/ohe-wuenheim.fr\/index.php\/wp-json\/wp\/v2\/users\/1"}],"replies":[{"embeddable":true,"href":"https:\/\/ohe-wuenheim.fr\/index.php\/wp-json\/wp\/v2\/comments?post=58"}],"version-history":[{"count":16,"href":"https:\/\/ohe-wuenheim.fr\/index.php\/wp-json\/wp\/v2\/pages\/58\/revisions"}],"predecessor-version":[{"id":265,"href":"https:\/\/ohe-wuenheim.fr\/index.php\/wp-json\/wp\/v2\/pages\/58\/revisions\/265"}],"wp:attachment":[{"href":"https:\/\/ohe-wuenheim.fr\/index.php\/wp-json\/wp\/v2\/media?parent=58"}],"curies":[{"name":"wp","href":"https:\/\/api.w.org\/{rel}","templated":true}]}}